{"id":638,"date":"2025-01-15T16:06:07","date_gmt":"2025-01-15T21:06:07","guid":{"rendered":"https:\/\/huitressurplace.com\/?page_id=638"},"modified":"2025-01-15T16:15:58","modified_gmt":"2025-01-15T21:15:58","slug":"boutique","status":"publish","type":"page","link":"https:\/\/huitressurplace.com\/en\/boutique\/","title":{"rendered":"Shop"},"content":{"rendered":"<div data-elementor-type=\"wp-page\" data-elementor-id=\"638\" class=\"elementor elementor-638\" data-elementor-post-type=\"page\">\n\t\t\t\t<div data-particle_enable=\"false\" data-particle-mobile-disabled=\"false\" class=\"elementor-element elementor-element-86c13e7 e-con-full e-flex e-con e-parent\" data-id=\"86c13e7\" data-element_type=\"container\" data-settings=\"{&quot;background_background&quot;:&quot;classic&quot;}\">\n\t\t\t\t<div class=\"elementor-element elementor-element-76d1c94 elementor-widget elementor-widget-heading\" data-id=\"76d1c94\" data-element_type=\"widget\" data-widget_type=\"heading.default\">\n\t\t\t\t<div class=\"elementor-widget-container\">\n\t\t\t\t\t<h2 class=\"elementor-heading-title elementor-size-default\">BOUTIQUE<\/h2>\t\t\t\t<\/div>\n\t\t\t\t<\/div>\n\t\t\t\t<div class=\"elementor-element elementor-element-b4195e9 elementor-widget elementor-widget-heading\" data-id=\"b4195e9\" data-element_type=\"widget\" data-widget_type=\"heading.default\">\n\t\t\t\t<div class=\"elementor-widget-container\">\n\t\t\t\t\t<h2 class=\"elementor-heading-title elementor-size-default\">D\u00e9couvrez notre collection unique, o\u00f9 style et confort se rencontrent.<br>\nHabillez-vous avec confiance et faites tourner les t\u00eates partout o\u00f9 vous allez tous en nous repr\u00e9sentant.<\/h2>\t\t\t\t<\/div>\n\t\t\t\t<\/div>\n\t\t\t\t<\/div>\n\t\t<div data-particle_enable=\"false\" data-particle-mobile-disabled=\"false\" class=\"elementor-element elementor-element-c886954 e-flex e-con-boxed e-con e-parent\" data-id=\"c886954\" data-element_type=\"container\">\n\t\t\t\t\t<div class=\"e-con-inner\">\n\t\t\t\t<div class=\"elementor-element elementor-element-ab227b6 elementor-widget elementor-widget-spacer\" data-id=\"ab227b6\" data-element_type=\"widget\" data-widget_type=\"spacer.default\">\n\t\t\t\t<div class=\"elementor-widget-container\">\n\t\t\t\t\t\t\t<div class=\"elementor-spacer\">\n\t\t\t<div class=\"elementor-spacer-inner\"><\/div>\n\t\t<\/div>\n\t\t\t\t\t\t<\/div>\n\t\t\t\t<\/div>\n\t\t\t\t\t<\/div>\n\t\t\t\t<\/div>\n\t\t<div data-particle_enable=\"false\" data-particle-mobile-disabled=\"false\" class=\"elementor-element elementor-element-260f6a0 e-flex e-con-boxed e-con e-parent\" data-id=\"260f6a0\" data-element_type=\"container\">\n\t\t\t\t\t<div class=\"e-con-inner\">\n\t\t\t\t<div class=\"elementor-element elementor-element-057170a elementor-widget elementor-widget-heading\" data-id=\"057170a\" data-element_type=\"widget\" data-widget_type=\"heading.default\">\n\t\t\t\t<div class=\"elementor-widget-container\">\n\t\t\t\t\t<h2 class=\"elementor-heading-title elementor-size-default\">BOUTIQUE DE MARCHANDISE \u00c0 VENIR SOUS PEU !<\/h2>\t\t\t\t<\/div>\n\t\t\t\t<\/div>\n\t\t\t\t\t<\/div>\n\t\t\t\t<\/div>\n\t\t<div data-particle_enable=\"false\" data-particle-mobile-disabled=\"false\" class=\"elementor-element elementor-element-3594889 e-con-full e-flex e-con e-parent\" data-id=\"3594889\" data-element_type=\"container\">\n\t\t\t\t<div class=\"elementor-element elementor-element-2fbd465 elementor-widget elementor-widget-html\" data-id=\"2fbd465\" data-element_type=\"widget\" data-widget_type=\"html.default\">\n\t\t\t\t<div class=\"elementor-widget-container\">\n\t\t\t\t\t<style>\n.progress {\n  margin: 0 auto;\n  margin-left: 0;\n}\n\n.progress {\n  border-radius: 4px;\n  animation:borealisBar 10s linear infinite;\n}\n\n.progress-bar {\n  height: 30px;\n  border-radius: 4px;\n  background-image: -webkit-linear-gradient(top, rgba(51,135,213, 1), rgba(26,101,183, 1));\n  background-image: -moz-linear-gradient(top, rgba(51,135,213, 1), rgba(26,101,183, 1));\n  background-image: -o-linear-gradient(top, rgba(51,135,213, 1), rgba(26,101,183, 1));\n  background-image: linear-gradient(to bottom, rgba(51,135,213, 1), rgba(26,101,183, 1));\n  -webkit-transition: 0.4s linear;\n  -moz-transition: 0.4s linear;\n  -o-transition: 0.4s linear;\n  transition: 0.4s linear;\n  -webkit-transition-property: width, background-color;\n  -moz-transition-property: width, background-color;\n  -o-transition-property: width, background-color;\n  transition-property: width, background-color;\n}\n\n@keyframes borealisBar {\n  0% {\n    width:0%;\n  }\n  25% {\n    width:25%;\n  }\n  50% {\n    width:50%;\n  }\n  75% {\n    width:75%;\n  }\n  100% {\n    width:100%;\n  }\n}\n<\/style>\n\n<div class=\"progress\">\n    <div class=\"progress-bar\"><\/div>\n  <\/div>\t\t\t\t<\/div>\n\t\t\t\t<\/div>\n\t\t\t\t<\/div>\n\t\t<div data-particle_enable=\"false\" data-particle-mobile-disabled=\"false\" class=\"elementor-element elementor-element-7764e94 e-flex e-con-boxed e-con e-parent\" data-id=\"7764e94\" data-element_type=\"container\">\n\t\t\t\t\t<div class=\"e-con-inner\">\n\t\t\t\t<div class=\"elementor-element elementor-element-3f68458 elementor-widget elementor-widget-spacer\" data-id=\"3f68458\" data-element_type=\"widget\" data-widget_type=\"spacer.default\">\n\t\t\t\t<div class=\"elementor-widget-container\">\n\t\t\t\t\t\t\t<div class=\"elementor-spacer\">\n\t\t\t<div class=\"elementor-spacer-inner\"><\/div>\n\t\t<\/div>\n\t\t\t\t\t\t<\/div>\n\t\t\t\t<\/div>\n\t\t\t\t\t<\/div>\n\t\t\t\t<\/div>\n\t\t\t\t<\/div>","protected":false},"excerpt":{"rendered":"<p>BOUTIQUE D\u00e9couvrez notre collection unique, o\u00f9 style et confort se rencontrent. Habillez-vous avec confiance et faites tourner les t\u00eates partout o\u00f9 vous allez tous en nous repr\u00e9sentant. BOUTIQUE DE MARCHANDISE \u00c0 VENIR SOUS PEU !<\/p>","protected":false},"author":1,"featured_media":0,"parent":0,"menu_order":0,"comment_status":"closed","ping_status":"closed","template":"","meta":{"footnotes":""},"class_list":["post-638","page","type-page","status-publish","hentry"],"_links":{"self":[{"href":"https:\/\/huitressurplace.com\/en\/wp-json\/wp\/v2\/pages\/638","targetHints":{"allow":["GET"]}}],"collection":[{"href":"https:\/\/huitressurplace.com\/en\/wp-json\/wp\/v2\/pages"}],"about":[{"href":"https:\/\/huitressurplace.com\/en\/wp-json\/wp\/v2\/types\/page"}],"author":[{"embeddable":true,"href":"https:\/\/huitressurplace.com\/en\/wp-json\/wp\/v2\/users\/1"}],"replies":[{"embeddable":true,"href":"https:\/\/huitressurplace.com\/en\/wp-json\/wp\/v2\/comments?post=638"}],"version-history":[{"count":0,"href":"https:\/\/huitressurplace.com\/en\/wp-json\/wp\/v2\/pages\/638\/revisions"}],"wp:attachment":[{"href":"https:\/\/huitressurplace.com\/en\/wp-json\/wp\/v2\/media?parent=638"}],"curies":[{"name":"wp","href":"https:\/\/api.w.org\/{rel}","templated":true}]}}