{"id":577,"date":"2025-01-15T11:00:10","date_gmt":"2025-01-15T16:00:10","guid":{"rendered":"https:\/\/huitressurplace.com\/?page_id=577"},"modified":"2025-03-12T16:05:04","modified_gmt":"2025-03-12T20:05:04","slug":"menu","status":"publish","type":"page","link":"https:\/\/huitressurplace.com\/en\/menu\/","title":{"rendered":"Menu"},"content":{"rendered":"<div data-elementor-type=\"wp-page\" data-elementor-id=\"577\" class=\"elementor elementor-577\" data-elementor-post-type=\"page\">\n\t\t\t\t<div data-particle_enable=\"false\" data-particle-mobile-disabled=\"false\" class=\"elementor-element elementor-element-f94aad2 e-con-full e-flex e-con e-parent\" data-id=\"f94aad2\" data-element_type=\"container\" data-settings=\"{&quot;background_background&quot;:&quot;classic&quot;}\">\n\t\t\t\t<div class=\"elementor-element elementor-element-0620b3e elementor-widget elementor-widget-heading\" data-id=\"0620b3e\" data-element_type=\"widget\" data-widget_type=\"heading.default\">\n\t\t\t\t<div class=\"elementor-widget-container\">\n\t\t\t\t\t<h2 class=\"elementor-heading-title elementor-size-default\">OUR MENU<\/h2>\t\t\t\t<\/div>\n\t\t\t\t<\/div>\n\t\t\t\t<div class=\"elementor-element elementor-element-702477a elementor-widget elementor-widget-heading\" data-id=\"702477a\" data-element_type=\"widget\" data-widget_type=\"heading.default\">\n\t\t\t\t<div class=\"elementor-widget-container\">\n\t\t\t\t\t<h2 class=\"elementor-heading-title elementor-size-default\">Dive into an ocean of flavour with our exquisite selection of fresh oysters and delights sailors.<br> Let yourself be tempted by our creations refined, where each bite is an invitation on a journey of taste.<\/h2>\t\t\t\t<\/div>\n\t\t\t\t<\/div>\n\t\t\t\t<\/div>\n\t\t<div data-particle_enable=\"false\" data-particle-mobile-disabled=\"false\" class=\"elementor-element elementor-element-472c597 e-flex e-con-boxed e-con e-parent\" data-id=\"472c597\" data-element_type=\"container\">\n\t\t\t\t\t<div class=\"e-con-inner\">\n\t\t\t\t<div class=\"elementor-element elementor-element-d9eb099 elementor-widget elementor-widget-spacer\" data-id=\"d9eb099\" data-element_type=\"widget\" data-widget_type=\"spacer.default\">\n\t\t\t\t<div class=\"elementor-widget-container\">\n\t\t\t\t\t\t\t<div class=\"elementor-spacer\">\n\t\t\t<div class=\"elementor-spacer-inner\"><\/div>\n\t\t<\/div>\n\t\t\t\t\t\t<\/div>\n\t\t\t\t<\/div>\n\t\t\t\t\t<\/div>\n\t\t\t\t<\/div>\n\t\t<div data-particle_enable=\"false\" data-particle-mobile-disabled=\"false\" class=\"elementor-element elementor-element-215b32a e-flex e-con-boxed e-con e-parent\" data-id=\"215b32a\" data-element_type=\"container\">\n\t\t\t\t\t<div class=\"e-con-inner\">\n\t\t<div data-particle_enable=\"false\" data-particle-mobile-disabled=\"false\" class=\"elementor-element elementor-element-9fe9377 e-con-full e-flex e-con e-child\" data-id=\"9fe9377\" data-element_type=\"container\" data-settings=\"{&quot;background_background&quot;:&quot;classic&quot;}\">\n\t\t\t\t<div class=\"elementor-element elementor-element-9036cce elementor-widget elementor-widget-price-list\" data-id=\"9036cce\" data-element_type=\"widget\" data-widget_type=\"price-list.default\">\n\t\t\t\t<div class=\"elementor-widget-container\">\n\t\t\t\t\t\n\t\t<ul class=\"elementor-price-list\">\n\n\t\t\t\t\t\t\t\t\t<li><a class=\"elementor-price-list-item\" href=\"#\">\t\t\t\t\t\t\t\t\t<div class=\"elementor-price-list-image\">\n\t\t\t\t\t<img decoding=\"async\" src=\"https:\/\/huitressurplace.com\/wp-content\/uploads\/2025\/03\/IMG_7515-150x150.jpg\" alt=\"Huitres\" loading=\"lazy\" \/>\t\t\t\t<\/div>\n\t\t\t\t\n\t\t\t\t<div class=\"elementor-price-list-text\">\n\t\t\t\t\t\t\t\t\t<div class=\"elementor-price-list-header\">\n\t\t\t\t\t\t\t\t\t\t\t<h5 class=\"elementor-price-list-title\">\n\t\t\t\t\t\t\tOysters\t\t\t\t\t\t<\/h5>\n\t\t\t\t\t\t\t\t\t\t\t\t\t\t\t\t\t\t<span class=\"elementor-price-list-separator\"><\/span>\n\t\t\t\t\t\t\t\t\t\t\t\t\t\t\t\t<\/div>\n\t\t\t\t\t\t\t\t\t\t\t\t\t\t\t<p class=\"elementor-price-list-description\">\n\t\t\t\t\t\t\tNumber X served with lemon-lime, tabasco, coarse, traditional and coarse champagne cucumber ginger.\t\t\t\t\t\t<\/p>\n\t\t\t\t\t\t\t\t<\/div>\n\t\t\t\t<\/a><\/li>\t\t\t\t\t\t\t\t\t\t\t\t<li><a class=\"elementor-price-list-item\" href=\"#\">\t\t\t\t\t\t\t\t\t<div class=\"elementor-price-list-image\">\n\t\t\t\t\t<img decoding=\"async\" src=\"https:\/\/huitressurplace.com\/wp-content\/uploads\/2025\/03\/PXL_20250210_003833068-150x150.jpg\" alt=\"Rockefeller\" loading=\"lazy\" \/>\t\t\t\t<\/div>\n\t\t\t\t\n\t\t\t\t<div class=\"elementor-price-list-text\">\n\t\t\t\t\t\t\t\t\t<div class=\"elementor-price-list-header\">\n\t\t\t\t\t\t\t\t\t\t\t<h5 class=\"elementor-price-list-title\">\n\t\t\t\t\t\t\tRockefeller\t\t\t\t\t\t<\/h5>\n\t\t\t\t\t\t\t\t\t\t\t\t\t\t\t\t\t\t<span class=\"elementor-price-list-separator\"><\/span>\n\t\t\t\t\t\t\t\t\t\t\t\t\t\t\t\t<\/div>\n\t\t\t\t\t\t\t\t\t\t\t\t\t\t\t<p class=\"elementor-price-list-description\">\n\t\t\t\t\t\t\tChoose between :<br>\n- oysters, cooked with coarse traditional, cheddar mix, and green onions.\n<br>\n- oysters baked with spinach, butter, miso, and a mix of parmesan cheese and breading.\t\t\t\t\t\t<\/p>\n\t\t\t\t\t\t\t\t<\/div>\n\t\t\t\t<\/a><\/li>\t\t\t\t\t\t\t\t\t\t\t\t<li><a class=\"elementor-price-list-item\" href=\"#\">\t\t\t\t\t\t\t\t\t<div class=\"elementor-price-list-image\">\n\t\t\t\t\t<img decoding=\"async\" src=\"https:\/\/huitressurplace.com\/wp-content\/uploads\/2024\/06\/2-150x150.jpg\" alt=\"Crevettes\" loading=\"lazy\" \/>\t\t\t\t<\/div>\n\t\t\t\t\n\t\t\t\t<div class=\"elementor-price-list-text\">\n\t\t\t\t\t\t\t\t\t<div class=\"elementor-price-list-header\">\n\t\t\t\t\t\t\t\t\t\t\t<h5 class=\"elementor-price-list-title\">\n\t\t\t\t\t\t\tShrimp\t\t\t\t\t\t<\/h5>\n\t\t\t\t\t\t\t\t\t\t\t\t\t\t\t\t\t\t<span class=\"elementor-price-list-separator\"><\/span>\n\t\t\t\t\t\t\t\t\t\t\t\t\t\t\t\t<\/div>\n\t\t\t\t\t\t\t\t\t\t\t\t\t\t\t<p class=\"elementor-price-list-description\">\n\t\t\t\t\t\t\tChoose between :<br>\n- Selection of shrimp of all sizes, boiled and served with cocktail sauce house and lemons.\n<br>\n- Dip the shrimp (Shrimp, cheddar mix, shallots, French,homemade mayonnaise Served with crackers cranberry.\t\t\t\t\t\t<\/p>\n\t\t\t\t\t\t\t\t<\/div>\n\t\t\t\t<\/a><\/li>\t\t\t\t\t\t\t\t\t\t\t\t<li><a class=\"elementor-price-list-item\" href=\"#\">\t\t\t\t\t\t\t\t\t<div class=\"elementor-price-list-image\">\n\t\t\t\t\t<img decoding=\"async\" src=\"https:\/\/huitressurplace.com\/wp-content\/uploads\/2024\/06\/4-150x150.jpg\" alt=\"Crabe des neiges\" loading=\"lazy\" \/>\t\t\t\t<\/div>\n\t\t\t\t\n\t\t\t\t<div class=\"elementor-price-list-text\">\n\t\t\t\t\t\t\t\t\t<div class=\"elementor-price-list-header\">\n\t\t\t\t\t\t\t\t\t\t\t<h5 class=\"elementor-price-list-title\">\n\t\t\t\t\t\t\tSnow crab\t\t\t\t\t\t<\/h5>\n\t\t\t\t\t\t\t\t\t\t\t\t\t\t\t\t\t\t<span class=\"elementor-price-list-separator\"><\/span>\n\t\t\t\t\t\t\t\t\t\t\t\t\t\t\t\t<\/div>\n\t\t\t\t\t\t\t\t\t\t\t\t\t\t\t<p class=\"elementor-price-list-description\">\n\t\t\t\t\t\t\tChoose between :<br>\n- Legs and claws of the crab porridge served with choice of garlic butter or hot sauce house cocktail.\n<br>\n- Salad of crab (red and yellow bell peppers, celeri, onion greens, ciboulettes,mayonaise, pepper)\t\t\t\t\t\t<\/p>\n\t\t\t\t\t\t\t\t<\/div>\n\t\t\t\t<\/a><\/li>\t\t\t\t\t\t\t\t\t\t\t\t<li><a class=\"elementor-price-list-item\" href=\"#\">\t\t\t\t\t\t\t\t\t<div class=\"elementor-price-list-image\">\n\t\t\t\t\t<img decoding=\"async\" src=\"https:\/\/huitressurplace.com\/wp-content\/uploads\/2024\/06\/homard-150x150.png\" alt=\"Homards\" loading=\"lazy\" \/>\t\t\t\t<\/div>\n\t\t\t\t\n\t\t\t\t<div class=\"elementor-price-list-text\">\n\t\t\t\t\t\t\t\t\t<div class=\"elementor-price-list-header\">\n\t\t\t\t\t\t\t\t\t\t\t<h5 class=\"elementor-price-list-title\">\n\t\t\t\t\t\t\tLobster\t\t\t\t\t\t<\/h5>\n\t\t\t\t\t\t\t\t\t\t\t\t\t\t\t\t\t\t<span class=\"elementor-price-list-separator\"><\/span>\n\t\t\t\t\t\t\t\t\t\t\t\t\t\t\t\t<\/div>\n\t\t\t\t\t\t\t\t\t\t\t\t\t\t\t<p class=\"elementor-price-list-description\">\n\t\t\t\t\t\t\t- Whole lobster, boiled and cut in half and served with garlic butter to hot.\n<br>\n<span style=\"color:limegreen;\"> * with butter piri piri be available soon<\/span>\t\t\t\t\t\t<\/p>\n\t\t\t\t\t\t\t\t<\/div>\n\t\t\t\t<\/a><\/li>\t\t\t\t\t\n\t\t<\/ul>\n\n\t\t\t\t\t\t<\/div>\n\t\t\t\t<\/div>\n\t\t\t\t<div class=\"elementor-element elementor-element-a4d3492 elementor-widget elementor-widget-heading\" data-id=\"a4d3492\" data-element_type=\"widget\" data-widget_type=\"heading.default\">\n\t\t\t\t<div class=\"elementor-widget-container\">\n\t\t\t\t\t<h2 class=\"elementor-heading-title elementor-size-default\">Our prices are likely to fluctuate according to changes in the market.<\/h2>\t\t\t\t<\/div>\n\t\t\t\t<\/div>\n\t\t\t\t<div class=\"elementor-element elementor-element-40b94e6 elementor-widget elementor-widget-heading\" data-id=\"40b94e6\" data-element_type=\"widget\" data-widget_type=\"heading.default\">\n\t\t\t\t<div class=\"elementor-widget-container\">\n\t\t\t\t\t<h2 class=\"elementor-heading-title elementor-size-default\">We strive to keep fares fair while ensuring the best quality and freshness of our products.<\/h2>\t\t\t\t<\/div>\n\t\t\t\t<\/div>\n\t\t\t\t<div class=\"elementor-element elementor-element-07dfd22 elementor-widget-divider--view-line_icon elementor-view-default elementor-widget-divider--element-align-center elementor-widget elementor-widget-divider\" data-id=\"07dfd22\" data-element_type=\"widget\" data-widget_type=\"divider.default\">\n\t\t\t\t<div class=\"elementor-widget-container\">\n\t\t\t\t\t\t\t<div class=\"elementor-divider\">\n\t\t\t<span class=\"elementor-divider-separator\">\n\t\t\t\t\t\t\t<div class=\"elementor-icon elementor-divider__element\">\n\t\t\t\t\t<i aria-hidden=\"true\" class=\"icon icon-crab\"><\/i><\/div>\n\t\t\t\t\t\t<\/span>\n\t\t<\/div>\n\t\t\t\t\t\t<\/div>\n\t\t\t\t<\/div>\n\t\t\t\t<div class=\"elementor-element elementor-element-51337f4 elementor-widget elementor-widget-heading\" data-id=\"51337f4\" data-element_type=\"widget\" data-widget_type=\"heading.default\">\n\t\t\t\t<div class=\"elementor-widget-container\">\n\t\t\t\t\t<h2 class=\"elementor-heading-title elementor-size-default\">Good Appetite !<br>\nCoordialement, the team of Oysters on the Spot !<\/h2>\t\t\t\t<\/div>\n\t\t\t\t<\/div>\n\t\t\t\t<\/div>\n\t\t\t\t\t<\/div>\n\t\t\t\t<\/div>\n\t\t<div data-particle_enable=\"false\" data-particle-mobile-disabled=\"false\" class=\"elementor-element elementor-element-8dece66 e-flex e-con-boxed e-con e-parent\" data-id=\"8dece66\" data-element_type=\"container\">\n\t\t\t\t\t<div class=\"e-con-inner\">\n\t\t\t\t<div class=\"elementor-element elementor-element-7f09607 elementor-widget elementor-widget-spacer\" data-id=\"7f09607\" data-element_type=\"widget\" data-widget_type=\"spacer.default\">\n\t\t\t\t<div class=\"elementor-widget-container\">\n\t\t\t\t\t\t\t<div class=\"elementor-spacer\">\n\t\t\t<div class=\"elementor-spacer-inner\"><\/div>\n\t\t<\/div>\n\t\t\t\t\t\t<\/div>\n\t\t\t\t<\/div>\n\t\t\t\t\t<\/div>\n\t\t\t\t<\/div>\n\t\t\t\t<\/div>","protected":false},"excerpt":{"rendered":"<p>NOTRE MENU Plongez dans un oc\u00e9an de saveurs avec notre s\u00e9lection exquise d&rsquo;hu\u00eetres fra\u00eeches et de d\u00e9lices marins. Laissez-vous tenter par nos cr\u00e9ations raffin\u00e9es, o\u00f9 chaque bouch\u00e9e est une invitation au voyage gustatif. Huitres Nombre X servis avec citrons-lime, tabasco, mignonnette traditionnel et mignonnette champagne concombre gingembre. Rockefeller Choisissez entre : &#8211; hu\u00eetres cuites avec [&hellip;]<\/p>","protected":false},"author":1,"featured_media":0,"parent":0,"menu_order":0,"comment_status":"closed","ping_status":"closed","template":"","meta":{"footnotes":""},"class_list":["post-577","page","type-page","status-publish","hentry"],"_links":{"self":[{"href":"https:\/\/huitressurplace.com\/en\/wp-json\/wp\/v2\/pages\/577","targetHints":{"allow":["GET"]}}],"collection":[{"href":"https:\/\/huitressurplace.com\/en\/wp-json\/wp\/v2\/pages"}],"about":[{"href":"https:\/\/huitressurplace.com\/en\/wp-json\/wp\/v2\/types\/page"}],"author":[{"embeddable":true,"href":"https:\/\/huitressurplace.com\/en\/wp-json\/wp\/v2\/users\/1"}],"replies":[{"embeddable":true,"href":"https:\/\/huitressurplace.com\/en\/wp-json\/wp\/v2\/comments?post=577"}],"version-history":[{"count":0,"href":"https:\/\/huitressurplace.com\/en\/wp-json\/wp\/v2\/pages\/577\/revisions"}],"wp:attachment":[{"href":"https:\/\/huitressurplace.com\/en\/wp-json\/wp\/v2\/media?parent=577"}],"curies":[{"name":"wp","href":"https:\/\/api.w.org\/{rel}","templated":true}]}}