{"id":400,"date":"2024-08-23T14:55:14","date_gmt":"2024-08-23T18:55:14","guid":{"rendered":"https:\/\/huitressurplace.com\/?page_id=400"},"modified":"2025-08-29T12:46:07","modified_gmt":"2025-08-29T16:46:07","slug":"orderform","status":"publish","type":"page","link":"https:\/\/huitressurplace.com\/en\/orderform\/","title":{"rendered":"OrderForm"},"content":{"rendered":"<div data-elementor-type=\"wp-page\" data-elementor-id=\"400\" class=\"elementor elementor-400\" data-elementor-post-type=\"page\">\n\t\t\t\t<div data-particle_enable=\"false\" data-particle-mobile-disabled=\"false\" class=\"elementor-element elementor-element-af7497b e-flex e-con-boxed e-con e-parent\" data-id=\"af7497b\" data-element_type=\"container\" data-settings=\"{&quot;background_background&quot;:&quot;classic&quot;}\">\n\t\t\t\t\t<div class=\"e-con-inner\">\n\t\t\t\t<div class=\"elementor-element elementor-element-b117f48 elementor-widget elementor-widget-heading\" data-id=\"b117f48\" data-element_type=\"widget\" data-widget_type=\"heading.default\">\n\t\t\t\t<div class=\"elementor-widget-container\">\n\t\t\t\t\t<h2 class=\"elementor-heading-title elementor-size-default\">ORDER NOW !<\/h2>\t\t\t\t<\/div>\n\t\t\t\t<\/div>\n\t\t\t\t\t<\/div>\n\t\t\t\t<\/div>\n\t\t<div data-particle_enable=\"false\" data-particle-mobile-disabled=\"false\" class=\"elementor-element elementor-element-230c749 e-flex e-con-boxed e-con e-parent\" data-id=\"230c749\" data-element_type=\"container\">\n\t\t\t\t\t<div class=\"e-con-inner\">\n\t\t\t\t<div class=\"elementor-element elementor-element-eb30edc elementor-widget elementor-widget-spacer\" data-id=\"eb30edc\" data-element_type=\"widget\" data-widget_type=\"spacer.default\">\n\t\t\t\t<div class=\"elementor-widget-container\">\n\t\t\t\t\t\t\t<div class=\"elementor-spacer\">\n\t\t\t<div class=\"elementor-spacer-inner\"><\/div>\n\t\t<\/div>\n\t\t\t\t\t\t<\/div>\n\t\t\t\t<\/div>\n\t\t\t\t<div class=\"elementor-element elementor-element-92a2307 elementor-widget elementor-widget-heading\" data-id=\"92a2307\" data-element_type=\"widget\" data-widget_type=\"heading.default\">\n\t\t\t\t<div class=\"elementor-widget-container\">\n\t\t\t\t\t<h2 class=\"elementor-heading-title elementor-size-default\">Place Your Order<\/h2>\t\t\t\t<\/div>\n\t\t\t\t<\/div>\n\t\t\t\t<div class=\"elementor-element elementor-element-af2bd9c elementor-widget elementor-widget-heading\" data-id=\"af2bd9c\" data-element_type=\"widget\" data-widget_type=\"heading.default\">\n\t\t\t\t<div class=\"elementor-widget-container\">\n\t\t\t\t\t<h2 class=\"elementor-heading-title elementor-size-default\">We are pleased to offer you the best in seafood and dishes customized for your event. Please fill out the form below to place your order. Our team will contact you shortly to finalize the details and ensure that everything is perfect for your event.<\/h2>\t\t\t\t<\/div>\n\t\t\t\t<\/div>\n\t\t\t\t<div class=\"elementor-element elementor-element-a040e17 elementor-widget elementor-widget-spacer\" data-id=\"a040e17\" data-element_type=\"widget\" data-widget_type=\"spacer.default\">\n\t\t\t\t<div class=\"elementor-widget-container\">\n\t\t\t\t\t\t\t<div class=\"elementor-spacer\">\n\t\t\t<div class=\"elementor-spacer-inner\"><\/div>\n\t\t<\/div>\n\t\t\t\t\t\t<\/div>\n\t\t\t\t<\/div>\n\t\t<div data-particle_enable=\"false\" data-particle-mobile-disabled=\"false\" class=\"elementor-element elementor-element-90aeead e-con-full e-flex e-con e-child\" data-id=\"90aeead\" data-element_type=\"container\" data-settings=\"{&quot;background_background&quot;:&quot;classic&quot;}\">\n\t\t\t\t<div class=\"elementor-element elementor-element-c85e414 elementor-widget elementor-widget-heading\" data-id=\"c85e414\" data-element_type=\"widget\" data-widget_type=\"heading.default\">\n\t\t\t\t<div class=\"elementor-widget-container\">\n\t\t\t\t\t<h2 class=\"elementor-heading-title elementor-size-default\">Order form<\/h2>\t\t\t\t<\/div>\n\t\t\t\t<\/div>\n\t\t\t\t<div class=\"elementor-element elementor-element-a81693d elementor-button-align-stretch elementor-widget elementor-widget-form\" data-id=\"a81693d\" data-element_type=\"widget\" data-settings=\"{&quot;step_next_label&quot;:&quot;Next&quot;,&quot;step_previous_label&quot;:&quot;Previous&quot;,&quot;button_width&quot;:&quot;100&quot;,&quot;step_type&quot;:&quot;number_text&quot;,&quot;step_icon_shape&quot;:&quot;circle&quot;}\" data-widget_type=\"form.default\">\n\t\t\t\t<div class=\"elementor-widget-container\">\n\t\t\t\t\t\t\t<form class=\"elementor-form\" method=\"post\" name=\"OrderForm\" action=\"\">\n\t\t\t<input type=\"hidden\" name=\"post_id\" value=\"400\"\/>\n\t\t\t<input type=\"hidden\" name=\"form_id\" value=\"a81693d\"\/>\n\t\t\t<input type=\"hidden\" name=\"referer_title\" value=\"\" \/>\n\n\t\t\t\n\t\t\t<div class=\"elementor-form-fields-wrapper elementor-labels-above\">\n\t\t\t\t\t\t\t\t<div class=\"elementor-field-type-text elementor-field-group elementor-column elementor-field-group-name elementor-col-50 elementor-field-required elementor-mark-required\">\n\t\t\t\t\t\t\t\t\t\t\t\t<label for=\"form-field-name\" class=\"elementor-field-label\">\n\t\t\t\t\t\t\t\tFirst name\t\t\t\t\t\t\t<\/label>\n\t\t\t\t\t\t\t\t\t\t\t\t\t\t<input size=\"1\" type=\"text\" name=\"form_fields[name]\" id=\"form-field-name\" class=\"elementor-field elementor-size-xs  elementor-field-textual\" placeholder=\"John\" required=\"required\" aria-required=\"true\">\n\t\t\t\t\t\t\t\t\t\t\t<\/div>\n\t\t\t\t\t\t\t\t<div class=\"elementor-field-type-text elementor-field-group elementor-column elementor-field-group-field_0d976b5 elementor-col-50 elementor-field-required elementor-mark-required\">\n\t\t\t\t\t\t\t\t\t\t\t\t<label for=\"form-field-field_0d976b5\" class=\"elementor-field-label\">\n\t\t\t\t\t\t\t\tName\t\t\t\t\t\t\t<\/label>\n\t\t\t\t\t\t\t\t\t\t\t\t\t\t<input size=\"1\" type=\"text\" name=\"form_fields[field_0d976b5]\" id=\"form-field-field_0d976b5\" class=\"elementor-field elementor-size-xs  elementor-field-textual\" placeholder=\"Smith\" required=\"required\" aria-required=\"true\">\n\t\t\t\t\t\t\t\t\t\t\t<\/div>\n\t\t\t\t\t\t\t\t<div class=\"elementor-field-type-email elementor-field-group elementor-column elementor-field-group-email elementor-col-50 elementor-field-required elementor-mark-required\">\n\t\t\t\t\t\t\t\t\t\t\t\t<label for=\"form-field-email\" class=\"elementor-field-label\">\n\t\t\t\t\t\t\t\tE-mail\t\t\t\t\t\t\t<\/label>\n\t\t\t\t\t\t\t\t\t\t\t\t\t\t<input size=\"1\" type=\"email\" name=\"form_fields[email]\" id=\"form-field-email\" class=\"elementor-field elementor-size-xs  elementor-field-textual\" placeholder=\"example@domaine.com\" required=\"required\" aria-required=\"true\">\n\t\t\t\t\t\t\t\t\t\t\t<\/div>\n\t\t\t\t\t\t\t\t<div class=\"elementor-field-type-tel elementor-field-group elementor-column elementor-field-group-field_5e68a84 elementor-col-50 elementor-field-required elementor-mark-required\">\n\t\t\t\t\t\t\t\t\t\t\t\t<label for=\"form-field-field_5e68a84\" class=\"elementor-field-label\">\n\t\t\t\t\t\t\t\tPhone\t\t\t\t\t\t\t<\/label>\n\t\t\t\t\t\t\t\t<input size=\"1\" type=\"tel\" name=\"form_fields[field_5e68a84]\" id=\"form-field-field_5e68a84\" class=\"elementor-field elementor-size-xs  elementor-field-textual\" placeholder=\"+1(888) 888-8888\" required=\"required\" aria-required=\"true\" pattern=\"[0-9()#&amp;+*-=.]+\" title=\"Only numbers and phone characters (#, -, *, etc) are accepted.\">\n\n\t\t\t\t\t\t<\/div>\n\t\t\t\t\t\t\t\t<div class=\"elementor-field-type-text elementor-field-group elementor-column elementor-field-group-field_fd01596 elementor-col-100\">\n\t\t\t\t\t\t\t\t\t\t\t\t<label for=\"form-field-field_fd01596\" class=\"elementor-field-label\">\n\t\t\t\t\t\t\t\tAddress <small>(facultatif)<\/small>\t\t\t\t\t\t\t<\/label>\n\t\t\t\t\t\t\t\t\t\t\t\t\t\t<input size=\"1\" type=\"text\" name=\"form_fields[field_fd01596]\" id=\"form-field-field_fd01596\" class=\"elementor-field elementor-size-xs  elementor-field-textual\" placeholder=\"123 Street\">\n\t\t\t\t\t\t\t\t\t\t\t<\/div>\n\t\t\t\t\t\t\t\t<div class=\"elementor-field-type-checkbox elementor-field-group elementor-column elementor-field-group-field_6ee2e27 elementor-col-100\">\n\t\t\t\t\t\t\t\t\t\t\t\t<label for=\"form-field-field_6ee2e27\" class=\"elementor-field-label\">\n\t\t\t\t\t\t\t\tServices\t\t\t\t\t\t\t<\/label>\n\t\t\t\t\t\t<div class=\"elementor-field-subgroup\"><span class=\"elementor-field-option\"><input type=\"checkbox\" value=\"CONTACT G\u00c9N\u00c9RALE\" id=\"form-field-field_6ee2e27-0\" name=\"form_fields[field_6ee2e27][]\"> <label for=\"form-field-field_6ee2e27-0\">CONTACT GENERAL<\/label><\/span><span class=\"elementor-field-option\"><input type=\"checkbox\" value=\"TRAITEUR \/ MENUS PERSONNALIS\u00c9S\" id=\"form-field-field_6ee2e27-1\" name=\"form_fields[field_6ee2e27][]\"> <label for=\"form-field-field_6ee2e27-1\">CATERING \/ CUSTOM MENUS<\/label><\/span><span class=\"elementor-field-option\"><input type=\"checkbox\" value=\"COMMANDE D&#039;HU\u00ceTRES ET DE FRUITS DE MER\" id=\"form-field-field_6ee2e27-2\" name=\"form_fields[field_6ee2e27][]\"> <label for=\"form-field-field_6ee2e27-2\">ORDER OYSTERS AND SEAFOOD<\/label><\/span><span class=\"elementor-field-option\"><input type=\"checkbox\" value=\"SERVICE DE BUFFET\" id=\"form-field-field_6ee2e27-3\" name=\"form_fields[field_6ee2e27][]\"> <label for=\"form-field-field_6ee2e27-3\">BUFFET SERVICE<\/label><\/span><span class=\"elementor-field-option\"><input type=\"checkbox\" value=\"SERVICE DE PERSONNEL EN SALLE\" id=\"form-field-field_6ee2e27-4\" name=\"form_fields[field_6ee2e27][]\"> <label for=\"form-field-field_6ee2e27-4\">SERVICE STAFF ROOM<\/label><\/span><span class=\"elementor-field-option\"><input type=\"checkbox\" value=\"BARMANS ET COCKTAILS SP\u00c9CIALIS\u00c9S\" id=\"form-field-field_6ee2e27-5\" name=\"form_fields[field_6ee2e27][]\"> <label for=\"form-field-field_6ee2e27-5\">BARTENDERS AND SPECIALTY COCKTAILS<\/label><\/span><span class=\"elementor-field-option\"><input type=\"checkbox\" value=\"INSTALLATION ET NETTOYAGE DE L&#039;\u00c9V\u00c9NEMENT\" id=\"form-field-field_6ee2e27-6\" name=\"form_fields[field_6ee2e27][]\"> <label for=\"form-field-field_6ee2e27-6\">INSTALLATION AND CLEANING OF EVENT(S)<\/label><\/span><span class=\"elementor-field-option\"><input type=\"checkbox\" value=\"AUTRE\" id=\"form-field-field_6ee2e27-7\" name=\"form_fields[field_6ee2e27][]\"> <label for=\"form-field-field_6ee2e27-7\">OTHER<\/label><\/span><\/div>\t\t\t\t<\/div>\n\t\t\t\t\t\t\t\t<div class=\"elementor-field-type-number elementor-field-group elementor-column elementor-field-group-field_cf3d4fe elementor-col-100\">\n\t\t\t\t\t\t\t\t\t\t\t\t<label for=\"form-field-field_cf3d4fe\" class=\"elementor-field-label\">\n\t\t\t\t\t\t\t\tNombre de Personnes <small>(facultatif)<\/small>\t\t\t\t\t\t\t<\/label>\n\t\t\t\t\t\t\t\t\t<input type=\"number\" name=\"form_fields[field_cf3d4fe]\" id=\"form-field-field_cf3d4fe\" class=\"elementor-field elementor-size-xs  elementor-field-textual\" min=\"1\" max=\"999\" >\n\t\t\t\t\t\t<\/div>\n\t\t\t\t\t\t\t\t<div class=\"elementor-field-type-text elementor-field-group elementor-column elementor-field-group-field_87d4344 elementor-col-100\">\n\t\t\t\t\t\t\t\t\t\t\t\t<label for=\"form-field-field_87d4344\" class=\"elementor-field-label\">\n\t\t\t\t\t\t\t\tNom de l'Entreprise <small>(facultatif)<\/small>\t\t\t\t\t\t\t<\/label>\n\t\t\t\t\t\t\t\t\t\t\t\t\t\t<input size=\"1\" type=\"text\" name=\"form_fields[field_87d4344]\" id=\"form-field-field_87d4344\" class=\"elementor-field elementor-size-xs  elementor-field-textual\">\n\t\t\t\t\t\t\t\t\t\t\t<\/div>\n\t\t\t\t\t\t\t\t<div class=\"elementor-field-type-textarea elementor-field-group elementor-column elementor-field-group-message elementor-col-100\">\n\t\t\t\t\t\t\t\t\t\t\t\t<label for=\"form-field-message\" class=\"elementor-field-label\">\n\t\t\t\t\t\t\t\tNotes\t\t\t\t\t\t\t<\/label>\n\t\t\t\t\t\t<textarea class=\"elementor-field-textual elementor-field  elementor-size-xs\" name=\"form_fields[message]\" id=\"form-field-message\" rows=\"4\" placeholder=\"Enter your message if you have any additional information for us.\"><\/textarea>\t\t\t\t<\/div>\n\t\t\t\t\t\t\t\t<div class=\"elementor-field-type-recaptcha_v3 elementor-field-group elementor-column elementor-field-group-field_349ce22 elementor-col-100 recaptcha_v3-bottomright\">\n\t\t\t\t\t<div class=\"elementor-field\" id=\"form-field-field_349ce22\"><div class=\"elementor-g-recaptcha\" data-sitekey=\"6LdmXbcrAAAAAHEVXmXt3SKDOsbn-J4UTIBhFNZQ\" data-type=\"v3\" data-action=\"Form\" data-badge=\"bottomright\" data-size=\"invisible\"><\/div><\/div>\t\t\t\t<\/div>\n\t\t\t\t\t\t\t\t<div class=\"elementor-field-group elementor-column elementor-field-type-submit elementor-col-100 e-form__buttons\">\n\t\t\t\t\t<button class=\"elementor-button elementor-size-xs elementor-animation-shrink\" type=\"submit\">\n\t\t\t\t\t\t<span class=\"elementor-button-content-wrapper\">\n\t\t\t\t\t\t\t\t\t\t\t\t\t\t\t<span class=\"elementor-button-icon\">\n\t\t\t\t\t\t\t\t\t<svg aria-hidden=\"true\" class=\"e-font-icon-svg e-fas-paper-plane\" viewbox=\"0 0 512 512\" xmlns=\"http:\/\/www.w3.org\/2000\/svg\"><path d=\"M476 3.2L12.5 270.6c-18.1 10.4-15.8 35.6 2.2 43.2L121 358.4l287.3-253.2c5.5-4.9 13.3 2.6 8.6 8.3L176 407v80.5c0 23.6 28.5 32.9 42.5 15.8L282 426l124.6 52.2c14.2 6 30.4-2.9 33-18.2l72-432C515 7.8 493.3-6.8 476 3.2z\"><\/path><\/svg>\t\t\t\t\t\t\t\t\t\t\t\t\t\t\t\t\t<\/span>\n\t\t\t\t\t\t\t\t\t\t\t\t\t\t\t\t\t\t\t\t\t\t<span class=\"elementor-button-text\">SEND<\/span>\n\t\t\t\t\t\t\t\t\t\t\t\t\t<\/span>\n\t\t\t\t\t<\/button>\n\t\t\t\t<\/div>\n\t\t\t<\/div>\n\t\t<input type=\"hidden\" name=\"trp-form-language\" value=\"en\"\/><\/form>\n\t\t\t\t\t\t<\/div>\n\t\t\t\t<\/div>\n\t\t\t\t<\/div>\n\t\t\t\t<div class=\"elementor-element elementor-element-a2dbdd3 elementor-widget elementor-widget-spacer\" data-id=\"a2dbdd3\" data-element_type=\"widget\" data-widget_type=\"spacer.default\">\n\t\t\t\t<div class=\"elementor-widget-container\">\n\t\t\t\t\t\t\t<div class=\"elementor-spacer\">\n\t\t\t<div class=\"elementor-spacer-inner\"><\/div>\n\t\t<\/div>\n\t\t\t\t\t\t<\/div>\n\t\t\t\t<\/div>\n\t\t\t\t<div class=\"elementor-element elementor-element-cf25232 elementor-widget elementor-widget-theme-site-logo elementor-widget-image\" data-id=\"cf25232\" data-element_type=\"widget\" data-widget_type=\"theme-site-logo.default\">\n\t\t\t\t<div class=\"elementor-widget-container\">\n\t\t\t\t\t\t\t\t\t\t\t<a href=\"https:\/\/huitressurplace.com\/en\">\n\t\t\t<img fetchpriority=\"high\" decoding=\"async\" width=\"1499\" height=\"1539\" src=\"https:\/\/huitressurplace.com\/wp-content\/uploads\/2024\/04\/logo_web2.png\" class=\"attachment-full size-full wp-image-266\" alt=\"\" srcset=\"https:\/\/huitressurplace.com\/wp-content\/uploads\/2024\/04\/logo_web2.png 1499w, https:\/\/huitressurplace.com\/wp-content\/uploads\/2024\/04\/logo_web2-292x300.png 292w, https:\/\/huitressurplace.com\/wp-content\/uploads\/2024\/04\/logo_web2-997x1024.png 997w, https:\/\/huitressurplace.com\/wp-content\/uploads\/2024\/04\/logo_web2-768x788.png 768w, https:\/\/huitressurplace.com\/wp-content\/uploads\/2024\/04\/logo_web2-1496x1536.png 1496w, https:\/\/huitressurplace.com\/wp-content\/uploads\/2024\/04\/logo_web2-12x12.png 12w\" sizes=\"(max-width: 1499px) 100vw, 1499px\" \/>\t\t\t\t<\/a>\n\t\t\t\t\t\t\t\t\t\t\t<\/div>\n\t\t\t\t<\/div>\n\t\t\t\t<div class=\"elementor-element elementor-element-a91033b elementor-widget elementor-widget-heading\" data-id=\"a91033b\" data-element_type=\"widget\" data-widget_type=\"heading.default\">\n\t\t\t\t<div class=\"elementor-widget-container\">\n\t\t\t\t\t<h2 class=\"elementor-heading-title elementor-size-default\">Thank you for choosing <u>Oysters On The Spot<\/u> to make your special occasion unforgettable.<\/h2>\t\t\t\t<\/div>\n\t\t\t\t<\/div>\n\t\t\t\t\t<\/div>\n\t\t\t\t<\/div>\n\t\t<div data-particle_enable=\"false\" data-particle-mobile-disabled=\"false\" class=\"elementor-element elementor-element-0ca610a e-flex e-con-boxed e-con e-parent\" data-id=\"0ca610a\" data-element_type=\"container\">\n\t\t\t\t\t<div class=\"e-con-inner\">\n\t\t\t\t<div class=\"elementor-element elementor-element-9b7eef3 elementor-widget elementor-widget-spacer\" data-id=\"9b7eef3\" data-element_type=\"widget\" data-widget_type=\"spacer.default\">\n\t\t\t\t<div class=\"elementor-widget-container\">\n\t\t\t\t\t\t\t<div class=\"elementor-spacer\">\n\t\t\t<div class=\"elementor-spacer-inner\"><\/div>\n\t\t<\/div>\n\t\t\t\t\t\t<\/div>\n\t\t\t\t<\/div>\n\t\t\t\t\t<\/div>\n\t\t\t\t<\/div>\n\t\t\t\t<\/div>","protected":false},"excerpt":{"rendered":"<p>COMMANDEZ D\u00c8S MAINTENANT ! Passez Votre Commande Nous sommes ravis de vous offrir les meilleurs fruits de mer et plats personnalis\u00e9s pour votre \u00e9v\u00e9nement. Veuillez remplir le formulaire ci-dessous pour passer votre commande. Notre \u00e9quipe vous contactera rapidement pour finaliser les d\u00e9tails et s&rsquo;assurer que tout soit parfait pour votre \u00e9venement. Formulaire de Commande Merci [&hellip;]<\/p>","protected":false},"author":1,"featured_media":0,"parent":0,"menu_order":0,"comment_status":"closed","ping_status":"closed","template":"","meta":{"footnotes":""},"class_list":["post-400","page","type-page","status-publish","hentry"],"_links":{"self":[{"href":"https:\/\/huitressurplace.com\/en\/wp-json\/wp\/v2\/pages\/400","targetHints":{"allow":["GET"]}}],"collection":[{"href":"https:\/\/huitressurplace.com\/en\/wp-json\/wp\/v2\/pages"}],"about":[{"href":"https:\/\/huitressurplace.com\/en\/wp-json\/wp\/v2\/types\/page"}],"author":[{"embeddable":true,"href":"https:\/\/huitressurplace.com\/en\/wp-json\/wp\/v2\/users\/1"}],"replies":[{"embeddable":true,"href":"https:\/\/huitressurplace.com\/en\/wp-json\/wp\/v2\/comments?post=400"}],"version-history":[{"count":12,"href":"https:\/\/huitressurplace.com\/en\/wp-json\/wp\/v2\/pages\/400\/revisions"}],"predecessor-version":[{"id":831,"href":"https:\/\/huitressurplace.com\/en\/wp-json\/wp\/v2\/pages\/400\/revisions\/831"}],"wp:attachment":[{"href":"https:\/\/huitressurplace.com\/en\/wp-json\/wp\/v2\/media?parent=400"}],"curies":[{"name":"wp","href":"https:\/\/api.w.org\/{rel}","templated":true}]}}