{"id":360,"date":"2024-08-23T12:24:55","date_gmt":"2024-08-23T16:24:55","guid":{"rendered":"https:\/\/huitressurplace.com\/?page_id=360"},"modified":"2025-03-12T16:09:37","modified_gmt":"2025-03-12T20:09:37","slug":"notrehistoire","status":"publish","type":"page","link":"https:\/\/huitressurplace.com\/en\/notrehistoire\/","title":{"rendered":"ABOUT"},"content":{"rendered":"<div data-elementor-type=\"wp-page\" data-elementor-id=\"360\" class=\"elementor elementor-360\" data-elementor-post-type=\"page\">\n\t\t\t\t<div data-particle_enable=\"false\" data-particle-mobile-disabled=\"false\" class=\"elementor-element elementor-element-1bbbc17 e-flex e-con-boxed e-con e-parent\" data-id=\"1bbbc17\" data-element_type=\"container\" data-settings=\"{&quot;background_background&quot;:&quot;classic&quot;}\">\n\t\t\t\t\t<div class=\"e-con-inner\">\n\t\t\t\t<div class=\"elementor-element elementor-element-bde299a elementor-widget elementor-widget-heading\" data-id=\"bde299a\" data-element_type=\"widget\" data-widget_type=\"heading.default\">\n\t\t\t\t<div class=\"elementor-widget-container\">\n\t\t\t\t\t<h2 class=\"elementor-heading-title elementor-size-default\">ABOUT<\/h2>\t\t\t\t<\/div>\n\t\t\t\t<\/div>\n\t\t\t\t\t<\/div>\n\t\t\t\t<\/div>\n\t\t<div data-particle_enable=\"false\" data-particle-mobile-disabled=\"false\" class=\"elementor-element elementor-element-3d138b0 e-flex e-con-boxed e-con e-parent\" data-id=\"3d138b0\" data-element_type=\"container\">\n\t\t\t\t\t<div class=\"e-con-inner\">\n\t\t\t\t<div class=\"elementor-element elementor-element-eb40868 elementor-widget elementor-widget-spacer\" data-id=\"eb40868\" data-element_type=\"widget\" data-widget_type=\"spacer.default\">\n\t\t\t\t<div class=\"elementor-widget-container\">\n\t\t\t\t\t\t\t<div class=\"elementor-spacer\">\n\t\t\t<div class=\"elementor-spacer-inner\"><\/div>\n\t\t<\/div>\n\t\t\t\t\t\t<\/div>\n\t\t\t\t<\/div>\n\t\t\t\t\t<\/div>\n\t\t\t\t<\/div>\n\t\t<div data-particle_enable=\"false\" data-particle-mobile-disabled=\"false\" class=\"elementor-element elementor-element-3188413 e-flex e-con-boxed e-con e-parent\" data-id=\"3188413\" data-element_type=\"container\">\n\t\t\t\t\t<div class=\"e-con-inner\">\n\t\t<div data-particle_enable=\"false\" data-particle-mobile-disabled=\"false\" class=\"elementor-element elementor-element-64d3e9e e-con-full e-flex e-con e-child\" data-id=\"64d3e9e\" data-element_type=\"container\">\n\t\t\t\t<div class=\"elementor-element elementor-element-6a80491 elementor-widget elementor-widget-heading\" data-id=\"6a80491\" data-element_type=\"widget\" data-widget_type=\"heading.default\">\n\t\t\t\t<div class=\"elementor-widget-container\">\n\t\t\t\t\t<h2 class=\"elementor-heading-title elementor-size-default\">Check out Joey, the Founder&#039;s Passionate about <u>Oysters On The Spot<\/u><\/h2>\t\t\t\t<\/div>\n\t\t\t\t<\/div>\n\t\t\t\t<div class=\"elementor-element elementor-element-7d34368 elementor-widget elementor-widget-heading\" data-id=\"7d34368\" data-element_type=\"widget\" data-widget_type=\"heading.default\">\n\t\t\t\t<div class=\"elementor-widget-container\">\n\t\t\t\t\t<h2 class=\"elementor-heading-title elementor-size-default\">A Passion for Seafood<\/h2>\t\t\t\t<\/div>\n\t\t\t\t<\/div>\n\t\t\t\t<div class=\"elementor-element elementor-element-3778522 elementor-widget elementor-widget-heading\" data-id=\"3778522\" data-element_type=\"widget\" data-widget_type=\"heading.default\">\n\t\t\t\t<div class=\"elementor-widget-container\">\n\t\t\t\t\t<h2 class=\"elementor-heading-title elementor-size-default\">Meet Joey, one of the founders of the Oyster on the Spot. Joey has always been driven by a deep passion for the seafood industry and has been working for many years. Thanks to its know-how and expertise, it allows you to live a gastronomic experience five stars in the comfort of your home or your reception venue.<\/h2>\t\t\t\t<\/div>\n\t\t\t\t<\/div>\n\t\t\t\t<div class=\"elementor-element elementor-element-aebcf89 elementor-widget elementor-widget-heading\" data-id=\"aebcf89\" data-element_type=\"widget\" data-widget_type=\"heading.default\">\n\t\t\t\t<div class=\"elementor-widget-container\">\n\t\t\t\t\t<h2 class=\"elementor-heading-title elementor-size-default\">A Catering Service Exceptional<\/h2>\t\t\t\t<\/div>\n\t\t\t\t<\/div>\n\t\t\t\t<div class=\"elementor-element elementor-element-7a1c9d2 elementor-widget elementor-widget-heading\" data-id=\"7a1c9d2\" data-element_type=\"widget\" data-widget_type=\"heading.default\">\n\t\t\t\t<div class=\"elementor-widget-container\">\n\t\t\t\t\t<h2 class=\"elementor-heading-title elementor-size-default\">We organize events of all sizes and of all types. Our goal is to offer you products of the highest quality and freshness, and impeccable directly to your door, at prices that are affordable, with an on-site service. Whether for weddings, birthday parties, or private events, we are here to meet your needs.<\/h2>\t\t\t\t<\/div>\n\t\t\t\t<\/div>\n\t\t\t\t<div class=\"elementor-element elementor-element-60e8e09 elementor-widget elementor-widget-heading\" data-id=\"60e8e09\" data-element_type=\"widget\" data-widget_type=\"heading.default\">\n\t\t\t\t<div class=\"elementor-widget-container\">\n\t\t\t\t\t<h2 class=\"elementor-heading-title elementor-size-default\">A Delivery of Superior Quality<\/h2>\t\t\t\t<\/div>\n\t\t\t\t<\/div>\n\t\t\t\t<div class=\"elementor-element elementor-element-d33f76c elementor-widget elementor-widget-heading\" data-id=\"d33f76c\" data-element_type=\"widget\" data-widget_type=\"heading.default\">\n\t\t\t\t<div class=\"elementor-widget-container\">\n\t\t\t\t\t<h2 class=\"elementor-heading-title elementor-size-default\">We are proud to offer a delivery service where we bring the oysters of your choice directly from you and open them in front of you. All of our sauces and toppings are prepared in-house and will be included with the delivery. Our products come from the East of Canada and are delivered daily to ensure freshness.<\/h2>\t\t\t\t<\/div>\n\t\t\t\t<\/div>\n\t\t\t\t<\/div>\n\t\t<div data-particle_enable=\"false\" data-particle-mobile-disabled=\"false\" class=\"elementor-element elementor-element-d8d149c e-con-full e-flex e-con e-child\" data-id=\"d8d149c\" data-element_type=\"container\">\n\t\t\t\t<div class=\"elementor-element elementor-element-0c6ecc9 elementor-widget elementor-widget-image\" data-id=\"0c6ecc9\" data-element_type=\"widget\" data-widget_type=\"image.default\">\n\t\t\t\t<div class=\"elementor-widget-container\">\n\t\t\t\t\t\t\t\t\t\t\t\t\t\t\t<img fetchpriority=\"high\" decoding=\"async\" width=\"1241\" height=\"1536\" src=\"https:\/\/huitressurplace.com\/wp-content\/uploads\/2025\/02\/IMG_4546-1241x1536.jpg\" class=\"attachment-1536x1536 size-1536x1536 wp-image-688\" alt=\"\" srcset=\"https:\/\/huitressurplace.com\/wp-content\/uploads\/2025\/02\/IMG_4546-1241x1536.jpg 1241w, https:\/\/huitressurplace.com\/wp-content\/uploads\/2025\/02\/IMG_4546-242x300.jpg 242w, https:\/\/huitressurplace.com\/wp-content\/uploads\/2025\/02\/IMG_4546-827x1024.jpg 827w, https:\/\/huitressurplace.com\/wp-content\/uploads\/2025\/02\/IMG_4546-768x951.jpg 768w, https:\/\/huitressurplace.com\/wp-content\/uploads\/2025\/02\/IMG_4546-1654x2048.jpg 1654w, https:\/\/huitressurplace.com\/wp-content\/uploads\/2025\/02\/IMG_4546-10x12.jpg 10w\" sizes=\"(max-width: 1241px) 100vw, 1241px\" \/>\t\t\t\t\t\t\t\t\t\t\t\t\t\t\t<\/div>\n\t\t\t\t<\/div>\n\t\t\t\t<\/div>\n\t\t\t\t\t<\/div>\n\t\t\t\t<\/div>\n\t\t<div data-particle_enable=\"false\" data-particle-mobile-disabled=\"false\" class=\"elementor-element elementor-element-715953e e-flex e-con-boxed e-con e-parent\" data-id=\"715953e\" data-element_type=\"container\">\n\t\t\t\t\t<div class=\"e-con-inner\">\n\t\t<div data-particle_enable=\"false\" data-particle-mobile-disabled=\"false\" class=\"elementor-element elementor-element-fc650d0 e-con-full e-flex e-con e-child\" data-id=\"fc650d0\" data-element_type=\"container\" data-settings=\"{&quot;background_background&quot;:&quot;classic&quot;}\">\n\t\t\t\t<div class=\"elementor-element elementor-element-51d2283 elementor-widget elementor-widget-image\" data-id=\"51d2283\" data-element_type=\"widget\" data-widget_type=\"image.default\">\n\t\t\t\t<div class=\"elementor-widget-container\">\n\t\t\t\t\t\t\t\t\t\t\t\t\t\t\t\t<a href=\"http:\/\/huitressurplace.com\/wp-content\/uploads\/2025\/02\/Attestation-e1740512454256.jpg\" data-elementor-open-lightbox=\"yes\" data-elementor-lightbox-title=\"Attestation\" data-e-action-hash=\"#elementor-action%3Aaction%3Dlightbox%26settings%3DeyJpZCI6Njg3LCJ1cmwiOiJodHRwczpcL1wvaHVpdHJlc3N1cnBsYWNlLmNvbVwvd3AtY29udGVudFwvdXBsb2Fkc1wvMjAyNVwvMDJcL0F0dGVzdGF0aW9uLWUxNzQwNTEyNDU0MjU2LmpwZyJ9\">\n\t\t\t\t\t\t\t<img decoding=\"async\" width=\"768\" height=\"498\" src=\"https:\/\/huitressurplace.com\/wp-content\/uploads\/2025\/02\/Attestation-e1740512454256-768x498.jpg\" class=\"attachment-medium_large size-medium_large wp-image-687\" alt=\"\" srcset=\"https:\/\/huitressurplace.com\/wp-content\/uploads\/2025\/02\/Attestation-e1740512454256-768x498.jpg 768w, https:\/\/huitressurplace.com\/wp-content\/uploads\/2025\/02\/Attestation-e1740512454256-300x195.jpg 300w, https:\/\/huitressurplace.com\/wp-content\/uploads\/2025\/02\/Attestation-e1740512454256-1024x664.jpg 1024w, https:\/\/huitressurplace.com\/wp-content\/uploads\/2025\/02\/Attestation-e1740512454256-18x12.jpg 18w, https:\/\/huitressurplace.com\/wp-content\/uploads\/2025\/02\/Attestation-e1740512454256.jpg 1457w\" sizes=\"(max-width: 768px) 100vw, 768px\" \/>\t\t\t\t\t\t\t\t<\/a>\n\t\t\t\t\t\t\t\t\t\t\t\t\t\t\t<\/div>\n\t\t\t\t<\/div>\n\t\t\t\t<div class=\"elementor-element elementor-element-b9b43b6 elementor-widget elementor-widget-heading\" data-id=\"b9b43b6\" data-element_type=\"widget\" data-widget_type=\"heading.default\">\n\t\t\t\t<div class=\"elementor-widget-container\">\n\t\t\t\t\t<h2 class=\"elementor-heading-title elementor-size-default\">We are proud to inform you that our company has the certification MAPAQ (Ministry of Agriculture, Fisheries and Food of Quebec), attesting to our commitment to excellence in the field of food safety and hygiene.<\/h2>\t\t\t\t<\/div>\n\t\t\t\t<\/div>\n\t\t\t\t<\/div>\n\t\t\t\t\t<\/div>\n\t\t\t\t<\/div>\n\t\t<div data-particle_enable=\"false\" data-particle-mobile-disabled=\"false\" class=\"elementor-element elementor-element-5bca921 e-flex e-con-boxed e-con e-parent\" data-id=\"5bca921\" data-element_type=\"container\">\n\t\t\t\t\t<div class=\"e-con-inner\">\n\t\t<div data-particle_enable=\"false\" data-particle-mobile-disabled=\"false\" class=\"elementor-element elementor-element-103cc38 e-con-full e-flex e-con e-child\" data-id=\"103cc38\" data-element_type=\"container\" data-settings=\"{&quot;background_background&quot;:&quot;classic&quot;}\">\n\t\t\t\t<div class=\"elementor-element elementor-element-7d73d6d elementor-widget elementor-widget-heading\" data-id=\"7d73d6d\" data-element_type=\"widget\" data-widget_type=\"heading.default\">\n\t\t\t\t<div class=\"elementor-widget-container\">\n\t\t\t\t\t<h2 class=\"elementor-heading-title elementor-size-default\">Try Us !<\/h2>\t\t\t\t<\/div>\n\t\t\t\t<\/div>\n\t\t\t\t<div class=\"elementor-element elementor-element-15e399d elementor-widget elementor-widget-heading\" data-id=\"15e399d\" data-element_type=\"widget\" data-widget_type=\"heading.default\">\n\t\t\t\t<div class=\"elementor-widget-container\">\n\t\t\t\t\t<h2 class=\"elementor-heading-title elementor-size-default\">Experience our service, satisfaction guaranteed !\n\n\n\n\n<\/h2>\t\t\t\t<\/div>\n\t\t\t\t<\/div>\n\t\t\t\t<div class=\"elementor-element elementor-element-a8aff09 elementor-widget elementor-widget-eael-creative-button\" data-id=\"a8aff09\" data-element_type=\"widget\" data-widget_type=\"eael-creative-button.default\">\n\t\t\t\t<div class=\"elementor-widget-container\">\n\t\t\t\t\t        <div class=\"eael-creative-button-wrapper\">\n\n            <a class=\"eael-creative-button eael-creative-button--shikoba\" href=\"https:\/\/huitressurplace.com\/en\/orderform\/\" data-text=\"Go!\">\n\n\t    \n                <div class=\"creative-button-inner\">\n\n                    \n                    <span class=\"cretive-button-text\">Order Now<\/span>\n\n                                            <span class=\"eael-creative-button-icon-right\"><svg aria-hidden=\"true\" class=\"e-font-icon-svg e-fas-hand-point-right\" viewbox=\"0 0 512 512\" xmlns=\"http:\/\/www.w3.org\/2000\/svg\"><path d=\"M512 199.652c0 23.625-20.65 43.826-44.8 43.826h-99.851c16.34 17.048 18.346 49.766-6.299 70.944 14.288 22.829 2.147 53.017-16.45 62.315C353.574 425.878 322.654 448 272 448c-2.746 0-13.276-.203-16-.195-61.971.168-76.894-31.065-123.731-38.315C120.596 407.683 112 397.599 112 385.786V214.261l.002-.001c.011-18.366 10.607-35.889 28.464-43.845 28.886-12.994 95.413-49.038 107.534-77.323 7.797-18.194 21.384-29.084 40-29.092 34.222-.014 57.752 35.098 44.119 66.908-3.583 8.359-8.312 16.67-14.153 24.918H467.2c23.45 0 44.8 20.543 44.8 43.826zM96 200v192c0 13.255-10.745 24-24 24H24c-13.255 0-24-10.745-24-24V200c0-13.255 10.745-24 24-24h48c13.255 0 24 10.745 24 24zM68 368c0-11.046-8.954-20-20-20s-20 8.954-20 20 8.954 20 20 20 20-8.954 20-20z\"><\/path><\/svg><\/span>                                    <\/div>\n\t                        <\/a>\n        <\/div>\n\t\t\t\t<\/div>\n\t\t\t\t<\/div>\n\t\t\t\t<\/div>\n\t\t\t\t\t<\/div>\n\t\t\t\t<\/div>\n\t\t<div data-particle_enable=\"false\" data-particle-mobile-disabled=\"false\" class=\"elementor-element elementor-element-4281c66 e-flex e-con-boxed e-con e-parent\" data-id=\"4281c66\" data-element_type=\"container\">\n\t\t\t\t\t<div class=\"e-con-inner\">\n\t\t\t\t<div class=\"elementor-element elementor-element-b706abe elementor-widget elementor-widget-spacer\" data-id=\"b706abe\" data-element_type=\"widget\" data-widget_type=\"spacer.default\">\n\t\t\t\t<div class=\"elementor-widget-container\">\n\t\t\t\t\t\t\t<div class=\"elementor-spacer\">\n\t\t\t<div class=\"elementor-spacer-inner\"><\/div>\n\t\t<\/div>\n\t\t\t\t\t\t<\/div>\n\t\t\t\t<\/div>\n\t\t\t\t\t<\/div>\n\t\t\t\t<\/div>\n\t\t\t\t<\/div>","protected":false},"excerpt":{"rendered":"<p>\u00c0 PROPOS D\u00e9couvrez Joey, le Fondateur Passionn\u00e9 de Hu\u00eetres Sur Place Une Passion pour les Fruits de Mer Rencontrez Joey, l&rsquo;un des fondateurs d&rsquo;Oysters on the Spot. Joey a toujours \u00e9t\u00e9 anim\u00e9 par une passion profonde pour l&rsquo;industrie des fruits de mer et y travaille depuis de nombreuses ann\u00e9es. Gr\u00e2ce \u00e0 son savoir-faire et \u00e0 [&hellip;]<\/p>","protected":false},"author":1,"featured_media":0,"parent":0,"menu_order":0,"comment_status":"closed","ping_status":"closed","template":"","meta":{"footnotes":""},"class_list":["post-360","page","type-page","status-publish","hentry"],"_links":{"self":[{"href":"https:\/\/huitressurplace.com\/en\/wp-json\/wp\/v2\/pages\/360","targetHints":{"allow":["GET"]}}],"collection":[{"href":"https:\/\/huitressurplace.com\/en\/wp-json\/wp\/v2\/pages"}],"about":[{"href":"https:\/\/huitressurplace.com\/en\/wp-json\/wp\/v2\/types\/page"}],"author":[{"embeddable":true,"href":"https:\/\/huitressurplace.com\/en\/wp-json\/wp\/v2\/users\/1"}],"replies":[{"embeddable":true,"href":"https:\/\/huitressurplace.com\/en\/wp-json\/wp\/v2\/comments?post=360"}],"version-history":[{"count":0,"href":"https:\/\/huitressurplace.com\/en\/wp-json\/wp\/v2\/pages\/360\/revisions"}],"wp:attachment":[{"href":"https:\/\/huitressurplace.com\/en\/wp-json\/wp\/v2\/media?parent=360"}],"curies":[{"name":"wp","href":"https:\/\/api.w.org\/{rel}","templated":true}]}}